{"id":7915,"date":"2025-02-11T14:23:14","date_gmt":"2025-02-11T14:23:14","guid":{"rendered":"https:\/\/autwell.org\/alle-gruppen"},"modified":"2025-03-22T09:20:07","modified_gmt":"2025-03-22T09:20:07","slug":"alle-gruppen","status":"publish","type":"page","link":"https:\/\/autwell.org\/en\/alle-gruppen","title":{"rendered":"Alle Gruppen"},"content":{"rendered":"<div class=\"pmagic\">\n    <div class=\"pg-group-box-wrap pg-theme-bg\">\n  <div class=\"pm-group-container pm-dbfl\">\n             <div class=\"pg-group-filters-head pm-dbfl pm-bg\">\n                <div class=\"pg-group-filter-ls pg-members-sortby pm-difl \">\n            <div class=\"pg-sortby-alpha pm-difl\">\n               \n            <span class=\"pg-sort-dropdown pm-border pm-difl\">\n                <select class=\"pg-custom-select\" name=\"group_sort_by\" id=\"group_sort_by\" onchange=\"pm_get_all_groups(1)\">\n                    <option value=\"newest\"  selected='selected'>Newest<\/option>\n                    <option value=\"oldest\" >Oldest<\/option>\n                    <option value=\"name_asc\" >Alphabetical (A-Z)<\/option>\n                    <option value=\"name_desc\" >Alphabetical (Z-A)<\/option>\n                <\/select>\n            <\/span>\n                <\/div>\n            \n        <\/div>\n                  \n        <div class=\"pg-group-filter-rs pm-difr\">\n                       <div class=\"pm-difl pg-members-sortby\">\n                <span class=\"pg-sort-view\">\n                    <span><input type=\"radio\" id=\"pg_grid_view\" name=\"pg_groups_view\" class=\"\" value=\"grid\" checked=\"checked\" onclick=\"pm_get_all_groups(1)\"\/>\n                    <label for=\"pg_grid_view\" class=\"pg-select-list-view\"><svg xmlns=\"http:\/\/www.w3.org\/2000\/svg\" width=\"40\" height=\"40\" viewBox=\"0 0 24 24\"><path d=\"M4 11h5V5H4v6zm0 7h5v-6H4v6zm6 0h5v-6h-5v6zm6 0h5v-6h-5v6zm-6-7h5V5h-5v6zm6-6v6h5V5h-5z\"\/><path d=\"M0 0h24v24H0z\" fill=\"none\"\/><\/svg><\/label>\n                    <\/span>\n                    <span> <input type=\"radio\" id=\"pg_list_view\" name=\"pg_groups_view\" class=\"\" value=\"list\" onclick=\"pm_get_all_groups(1)\" \/>\n                    <label for=\"pg_list_view\"><svg xmlns=\"http:\/\/www.w3.org\/2000\/svg\" width=\"40\" height=\"40\" viewBox=\"0 0 24 24\"><path d=\"M4 14h4v-4H4v4zm0 5h4v-4H4v4zM4 9h4V5H4v4zm5 5h12v-4H9v4zm0 5h12v-4H9v4zM9 5v4h12V5H9z\"\/><path d=\"M0 0h24v24H0z\" fill=\"none\"\/><\/svg><\/label>\n                    <\/span>\n                <\/span>\n\n            <\/div>\n                                    <div class=\"pg-group-search pm-difl\"><input type=\"text\" name=\"group_search\" id=\"group_search\" placeholder=\"Search\" onkeyup=\"pm_get_all_groups(1)\"><\/div>\n                    <\/div>\n           \n    <\/div>   \n            \n   <div class=\"pm-all-group-container pm-dbfl\">\n    \t\t\t\t<div class=\"pm-group pm-difl pm-border pm-radius5 pm-bg-lt pm50\">\n                                    <div class=\"pm-group-heading pm-dbfl pm-border-bt pm-pad10 pm-clip\"><a href=\"https:\/\/autwell.org\/en\/groups\">Admin- &amp; Moderatorengruppe<\/a><\/div>\n\t\t\t\t  <div class=\"pm-group-info pm-dbfl\">\n                                      <a href=\"https:\/\/autwell.org\/en\/registrierung?gid=3\" class=\"pm-group-image-link\">\n\t\t\t\t\t<div class=\"pm-group-logo pm-dbfl pm-bg pm-border-bt\">\n\t\t\t\t\t\t<div class=\"pm-group-logo-img\">\n\t\t\t\t\t\t<img fetchpriority=\"high\" decoding=\"async\" width=\"1152\" height=\"1152\" src=\"https:\/\/autwell.org\/wp-content\/uploads\/2025\/12\/Admin-Moderatorengruppe-scaled-e1764609873551.png\" class=\"\" alt=\"\" \/>\t\t\t\t\t\t<\/div>\n\t\t\t\t\t\t<div class=\"pm-group-bg\">\n\t\t\t\t\t\t<img fetchpriority=\"high\" decoding=\"async\" width=\"1152\" height=\"1152\" src=\"https:\/\/autwell.org\/wp-content\/uploads\/2025\/12\/Admin-Moderatorengruppe-scaled-e1764609873551.png\" class=\"\" alt=\"\" \/>\t\t\t\t\t\t<\/div>\n\t\t\t\t\t<\/div>\n                                      <\/a>\n\t\t\t\t\t\t\t\t\t\t<div class=\"pm-group-desc pm-dbfl pm-pad10\">Nur f\u00fcr Admins &amp; Moderatoren<\/div>\n\n\t\t\t\t  <\/div>\n\t\t\t\t   \n\t\t\t\t  <div class=\"pm-group-button pm-dbfl pm-pad10\">\n\t\t\t\t   <div class=\"pm-group-signup\">\n                                       <button onclick=\"window.location.href='https:\/\/autwell.org\/en\/registrierung?gid=3'\" class=\"pm_button\">Join Group<\/button>                                   <\/div>\n\t\t\t\t\t\t\t\t\t\t\t<div class=\"pm_free_group\">Free<\/div>\n\t\t\t\t\t\t\t\t\t\t<\/div>\n\t\t\t\t   \t\t\t\t<\/div>\n\t\t\t\t\t\t\t\t<div class=\"pm-group pm-difl pm-border pm-radius5 pm-bg-lt pm50\">\n                                    <div class=\"pm-group-heading pm-dbfl pm-border-bt pm-pad10 pm-clip\"><a href=\"https:\/\/autwell.org\/en\/standard-nutzergruppe?gid=2\">Wichteln zu Weihnachten<\/a><\/div>\n\t\t\t\t  <div class=\"pm-group-info pm-dbfl\">\n                                      <a href=\"https:\/\/autwell.org\/en\/registrierung?gid=2\" class=\"pm-group-image-link\">\n\t\t\t\t\t<div class=\"pm-group-logo pm-dbfl pm-bg pm-border-bt\">\n\t\t\t\t\t\t<div class=\"pm-group-logo-img\">\n\t\t\t\t\t\t<img decoding=\"async\" width=\"1024\" height=\"1024\" src=\"https:\/\/autwell.org\/wp-content\/uploads\/2025\/11\/Wichtelgruppe.jpg\" class=\"\" alt=\"\" \/>\t\t\t\t\t\t<\/div>\n\t\t\t\t\t\t<div class=\"pm-group-bg\">\n\t\t\t\t\t\t<img decoding=\"async\" width=\"1024\" height=\"1024\" src=\"https:\/\/autwell.org\/wp-content\/uploads\/2025\/11\/Wichtelgruppe.jpg\" class=\"\" alt=\"\" \/>\t\t\t\t\t\t<\/div>\n\t\t\t\t\t<\/div>\n                                      <\/a>\n\t\t\t\t\t\t\t\t\t\t<div class=\"pm-group-desc pm-dbfl pm-pad10\">Wichtelspa\u00df zu Weihnachten<\/div>\n\n\t\t\t\t  <\/div>\n\t\t\t\t   \n\t\t\t\t  <div class=\"pm-group-button pm-dbfl pm-pad10\">\n\t\t\t\t   <div class=\"pm-group-signup\">\n                                       <button onclick=\"window.location.href='https:\/\/autwell.org\/en\/registrierung?gid=2'\" class=\"pm_button\">Join Group<\/button>                                   <\/div>\n\t\t\t\t\t\t\t\t\t\t\t<div class=\"pm_free_group\">Free<\/div>\n\t\t\t\t\t\t\t\t\t\t<\/div>\n\t\t\t\t   \t\t\t\t<\/div>\n\t\t\t\t\t\t\t\t<div class=\"pm-group pm-difl pm-border pm-radius5 pm-bg-lt pm50\">\n                                    <div class=\"pm-group-heading pm-dbfl pm-border-bt pm-pad10 pm-clip\"><a href=\"https:\/\/autwell.org\/en\/standard-nutzergruppe?gid=1\">News &amp; Informationen<\/a><\/div>\n\t\t\t\t  <div class=\"pm-group-info pm-dbfl\">\n                                      <a href=\"https:\/\/autwell.org\/en\/registrierung?gid=1\" class=\"pm-group-image-link\">\n\t\t\t\t\t<div class=\"pm-group-logo pm-dbfl pm-bg pm-border-bt\">\n\t\t\t\t\t\t<div class=\"pm-group-logo-img\">\n\t\t\t\t\t\t<img decoding=\"async\" width=\"512\" height=\"512\" src=\"https:\/\/autwell.org\/wp-content\/uploads\/2025\/03\/AutWell-Icon-M-512.png\" class=\"\" alt=\"\" \/>\t\t\t\t\t\t<\/div>\n\t\t\t\t\t\t<div class=\"pm-group-bg\">\n\t\t\t\t\t\t<img decoding=\"async\" width=\"512\" height=\"512\" src=\"https:\/\/autwell.org\/wp-content\/uploads\/2025\/03\/AutWell-Icon-M-512.png\" class=\"\" alt=\"\" \/>\t\t\t\t\t\t<\/div>\n\t\t\t\t\t<\/div>\n                                      <\/a>\n\t\t\t\t\t\t\t\t\t\t<div class=\"pm-group-desc pm-dbfl pm-pad10\">Neuigkeiten und n\u00fctzliche Informationen \u00fcber die Autwell Community.<\/div>\n\n\t\t\t\t  <\/div>\n\t\t\t\t   \n\t\t\t\t  <div class=\"pm-group-button pm-dbfl pm-pad10\">\n\t\t\t\t   <div class=\"pm-group-signup\">\n                                       <button onclick=\"window.location.href='https:\/\/autwell.org\/en\/registrierung?gid=1'\" class=\"pm_button\">Join Group<\/button>                                   <\/div>\n\t\t\t\t\t\t\t\t\t\t\t<div class=\"pm_free_group\">Free<\/div>\n\t\t\t\t\t\t\t\t\t\t<\/div>\n\t\t\t\t   \t\t\t\t<\/div>\n\t\t\t\t\t <div class=\"pm_clear\"><\/div>\n\t\t<div class=\"pm-groups-pagination\"><\/div><\/div>\n\n  <\/div>\n   <\/div>\n<\/div>\n\n","protected":false},"excerpt":{"rendered":"<p>Newest Oldest Alphabetical (A-Z) Alphabetical (Z-A) Admin- &amp; Moderatorengruppe Nur f\u00fcr Admins &amp; Moderatoren Join Group Free Wichteln zu Weihnachten Wichtelspa\u00df zu Weihnachten Join Group Free News &amp; Informationen Neuigkeiten und n\u00fctzliche Informationen \u00fcber die Autwell Community. Join Group Free<\/p>\n","protected":false},"author":1,"featured_media":0,"parent":0,"menu_order":0,"comment_status":"closed","ping_status":"closed","template":"community","meta":{"_bbp_topic_count":0,"_bbp_reply_count":0,"_bbp_total_topic_count":0,"_bbp_total_reply_count":0,"_bbp_voice_count":0,"_bbp_anonymous_reply_count":0,"_bbp_topic_count_hidden":0,"_bbp_reply_count_hidden":0,"_bbp_forum_subforum_count":0,"footnotes":""},"class_list":["post-7915","page","type-page","status-publish","hentry"],"jetpack_sharing_enabled":true,"featured_media_urls":[],"_links":{"self":[{"href":"https:\/\/autwell.org\/en\/wp-json\/wp\/v2\/pages\/7915","targetHints":{"allow":["GET"]}}],"collection":[{"href":"https:\/\/autwell.org\/en\/wp-json\/wp\/v2\/pages"}],"about":[{"href":"https:\/\/autwell.org\/en\/wp-json\/wp\/v2\/types\/page"}],"author":[{"embeddable":true,"href":"https:\/\/autwell.org\/en\/wp-json\/wp\/v2\/users\/1"}],"replies":[{"embeddable":true,"href":"https:\/\/autwell.org\/en\/wp-json\/wp\/v2\/comments?post=7915"}],"version-history":[{"count":1,"href":"https:\/\/autwell.org\/en\/wp-json\/wp\/v2\/pages\/7915\/revisions"}],"predecessor-version":[{"id":8055,"href":"https:\/\/autwell.org\/en\/wp-json\/wp\/v2\/pages\/7915\/revisions\/8055"}],"wp:attachment":[{"href":"https:\/\/autwell.org\/en\/wp-json\/wp\/v2\/media?parent=7915"}],"curies":[{"name":"wp","href":"https:\/\/api.w.org\/{rel}","templated":true}]}}