{"id":7913,"date":"2025-02-11T14:23:14","date_gmt":"2025-02-11T14:23:14","guid":{"rendered":"https:\/\/autwell.org\/registrierung"},"modified":"2025-12-06T21:24:00","modified_gmt":"2025-12-06T21:24:00","slug":"registrierung","status":"publish","type":"page","link":"https:\/\/autwell.org\/en\/registrierung","title":{"rendered":"Registrierung"},"content":{"rendered":"<style><\/style><div class='rmformui'><div id='rm-form-container' class='rmform-design--default-container'><div class='rmheader'><p>Sch\u00f6n, dass du dich bei Autwell.org registrieren m\u00f6chtest. Bitte f\u00fclle zumindest die Pflichtfelder des folgenden Formulars aus. Wir werden keine Daten von dir an Dritte weitergeben.<\/p><\/div><form id='rmform-module-1' class='rmform-ui rmform-custom-form rmform-custom-form-1 rmform-design--default' action='' method='post' enctype='multipart\/form-data'data-form-id='1' data-design='default' data-style='label_top' data-type='1'><div class='rmform-page'><div class='rmform-row'><div class='rmform-row-field-wrap'  style='--rm-field-gutter: 10px;'><div id='rm-username-4' class='rmform-col rmform-col-12'><div class='rmform-field' data-field-id='4'><label for=\"input_id_Username_4\" id=\"label_id_Username_4\" class=\"rmform-label\"  > Benutzername<span class='rmform-req-symbol'>*<\/span> <\/label><input type=\"text\" name=\"username\" class=\"rmform-control\" aria-describedby=\"rm-note-4\" id=\"input_id_Username_4\" autocomplete=\"username\" aria-labelledby=\"label_id_Username_4\" placeholder=\"\" required aria-required=\"true\"   ><span class='rmform-error-message' id='rmform-username-error'><\/span><div id='rm-note-4' class='rmform-note' style='display: none;'>W\u00e4hle einen eindeutigen Benutzernamen f\u00fcr Dein Konto. Dieser wird zum Anmelden verwendet.<\/div><\/div><\/div><\/div><\/div><div class='rmform-row'><div class='rmform-row-field-wrap'  style='--rm-field-gutter: 10px;'><div id='rm-fname-1' class='rmform-col rmform-col-6'><div class='rmform-field' data-field-id='1'><label for=\"input_id_Fname_1\" id=\"label_id_Fname_1\" class=\"rmform-label\" > Vorname<span class='rmform-req-symbol'>*<\/span><\/label><input type=\"text\" name=\"Fname_1\" class=\"rmform-control \" aria-describedby=\"rm-note-1\" id=\"input_id_Fname_1\" aria-labelledby=\"label_id_Fname_1\" value=\"\" placeholder=\"\" minlength=\"\" maxlength=\"\" required aria-required=\"true\"  ><span class='rmform-error-message' id='rmform-fname_1-error'><\/span><div id='rm-note-1' class='rmform-note' style='display: none;'>Bitte gib Deinen Vornamen ein.<\/div><\/div><\/div><div id='rm-lname-2' class='rmform-col rmform-col-6'><div class='rmform-field' data-field-id='2'><label for=\"input_id_Lname_2\" id=\"label_id_Lname_2\" class=\"rmform-label\" > Nachname<span class='rmform-req-symbol'>*<\/span><\/label><input type=\"text\" name=\"Lname_2\" class=\"rmform-control \" aria-describedby=\"rm-note-2\" id=\"input_id_Lname_2\" aria-labelledby=\"label_id_Lname_2\" value=\"\" placeholder=\"\" minlength=\"\" maxlength=\"\" required aria-required=\"true\"  ><span class='rmform-error-message' id='rmform-lname_2-error'><\/span><div id='rm-note-2' class='rmform-note' style='display: none;'>Bitte gib Deinen Nachnamen ein.<\/div><\/div><\/div><\/div><\/div><div class='rmform-row'><div class='rmform-row-field-wrap'  style='--rm-field-gutter: 10px;'><div id='rm-email-3' class='rmform-col rmform-col-12'><div class='rmform-field' data-field-id='3'><label for=\"input_id_Email_3\" id=\"label_id_Email_3\" class=\"rmform-label\"  >  Email<span class='rmform-req-symbol'>*<\/span><\/label><input type=\"email\" name=\"Email_3\" class=\"rmform-control \" aria-describedby=\"rm-note-3\" id=\"input_id_Email_3\" data-fieldtype=\"Email\" aria-labelledby=\"label_id_Email_3\" value=\"\" placeholder=\"\" required data-primary=\"1\" aria-required=\"true\"  ><span class='rmform-error-message' id='rmform-email_3-error'><\/span><div id='rm-note-3' class='rmform-note' style='display: none;'>Bitte gib eine g\u00fcltige E-Mail-Adresse ein. Wir verwenden diese zur Kontoverifizierung und zur Kommunikation.<\/div><\/div><\/div><div id='rm-cnf-email-3' class='rmform-col rmform-col-12'><div class='rmform-field' data-field-id='3'><label for=\"input_id_cnf_Email_3\" id=\"label_id_cnf_Email_3\" class=\"rmform-label\" > Enter email again <span class='rmform-req-symbol'>*<\/span> <\/label><input type=\"email\" name=\"email_confirmation\" class=\"rmform-control\" data-fieldtype=\"Email\" aria-describedby=\"rm-note-3\" id=\"input_id_cnf_Email_3\" aria-labelledby=\"label_id_cnf_Email_3\" required aria-required=\"true\" placeholder=\"Enter email again\"  ><span class='rmform-error-message' id='rmform-email_confirmation-error'><\/span><\/div><\/div><\/div><\/div><div class='rmform-row'><div class='rmform-row-field-wrap'  style='--rm-field-gutter: 10px;'><div id='rm-userpassword-5' class='rmform-col rmform-col-12'><div class='rmform-field' data-field-id='5'><label for=\"input_id_UserPassword_5\" id=\"label_id_UserPassword_5\" class=\"rmform-label\" > Passwort<span class='rmform-req-symbol'>*<\/span> <\/label><div class='rmform-toggle-wrap'><span class='rm-togglePassword rm-pwd-togglePassword'><\/span><input type=\"password\" name=\"pwd\" class=\"rmform-control rm-pwd-control \" aria-describedby=\"rm-note-5\" id=\"input_id_UserPassword_5\" aria-labelledby=\"label_id_UserPassword_5\" required aria-required=\"true\" autocomplete=\"new-password\" placeholder=\"Passwort\"  ><\/div><span class='rmform-error-message' id='rmform-pwd-error'><\/span><div id='rm-note-5' class='rmform-note' style='display: none;'>Erstellen Sie ein sicheres Passwort mit mindestens 8 Zeichen, darunter Buchstaben, Zahlen und Sonderzeichen.<\/div><\/div><\/div><div id='rm-cnf-userpassword-5' class='rmform-col rmform-col-12'><div class='rmform-field' data-field-id='5'><label for=\"input_id_UserPassword_5_cnf\" id=\"label_id_UserPassword_5_cnf\" class=\"rmform-label\"  >Passwort best\u00e4tigen<span class='rmform-req-symbol'>*<\/span> <\/label><div class='rmform-c-toggle-wrap'><span class='rm-togglePassword'><\/span><input type=\"password\" name=\"password_confirmation\" class=\"rmform-control password_confirmation_5\" aria-describedby=\"rm-note-5\" id=\"input_id_UserPassword_5_cnf\" aria-labelledby=\"label_id_UserPassword_5_cnf\" required aria-required=\"true\" autocomplete=\"new-password\" placeholder=\"Repeat your password\"  ><\/div><span class='rmform-error-message' id='rmform-password_confirmation-error'><\/span><\/div><\/div><\/div><\/div><div class='rmform-row'><div class='rmform-row-field-wrap'  style='--rm-field-gutter: 10px;'><div id='rm-jqueryuidate-17' class='rmform-col rmform-col-6'><div class='rmform-field' data-field-id='17'><label for=\"input_id_jQueryUIDate_17\" id=\"label_id_jQueryUIDate_17\" class=\"rmform-label\" > Geburtsdatum<\/label><input type=\"text\" name=\"jQueryUIDate_17\" class=\"rmform-control datepicker\" aria-describedby=\"rm-note-17\" autocomplete=\"off\" readonly data-dateformat=\"mm\/dd\/yy\" data-fieldtype=\"jQueryUIDate\" aria-labelledby=\"label_id_jQueryUIDate_17\" id=\"input_id_jQueryUIDate_17\" placeholder=\"\"  ><span class='rmform-error-message' id='rmform-jqueryuidate_17-error'><\/span><\/div><\/div><div class='rmform-col rmform-col-6'><\/div><\/div><\/div><div class='rmform-row'><div class='rmform-row-field-wrap'  style='--rm-field-gutter: 10px;'><div id='rm-radio-25' class='rm-address-field-wrap rmform-col rmform-col-12'><div class='rmform-field' data-field-id='25'><span class=\"rmform-label\" > Gender<\/span><div class='rmform-field-vertical-row' data-field-col='3' ><label class='rmform-check' for='Radio_25_0'><input name=\"Radio_25\" class=\"rmform-control radio_25 \" aria-describedby=\"rm-note-25\" type=\"radio\" onchange=\"rmToggleOtherText(this)\" id=\"Radio_25_0\" value=\"M\u00e4nnlich\" aria-labelledby=\"label_id_Radio_25_0\" ><span class=\"rmform-label rmform-radio-check\" id=\"label_id_Radio_25_0\"  >M\u00e4nnlich<\/span><\/label><label class='rmform-check' for='Radio_25_1'><input name=\"Radio_25\" class=\"rmform-control radio_25 \" aria-describedby=\"rm-note-25\" type=\"radio\" onchange=\"rmToggleOtherText(this)\" id=\"Radio_25_1\" value=\"Weiblich\" aria-labelledby=\"label_id_Radio_25_1\" ><span class=\"rmform-label rmform-radio-check\" id=\"label_id_Radio_25_1\"  >Weiblich<\/span><\/label><label class='rmform-check' for='Radio_25_2'><input name=\"Radio_25\" class=\"rmform-control radio_25 \" aria-describedby=\"rm-note-25\" type=\"radio\" onchange=\"rmToggleOtherText(this)\" id=\"Radio_25_2\" value=\"Non-binary\" aria-labelledby=\"label_id_Radio_25_2\" ><span class=\"rmform-label rmform-radio-check\" id=\"label_id_Radio_25_2\"  >Non-binary<\/span><\/label><label class='rmform-check' for='Radio_25_3'><input name=\"Radio_25\" class=\"rmform-control radio_25 \" aria-describedby=\"rm-note-25\" type=\"radio\" onchange=\"rmToggleOtherText(this)\" id=\"Radio_25_3\" value=\"Genderqueer\" aria-labelledby=\"label_id_Radio_25_3\" ><span class=\"rmform-label rmform-radio-check\" id=\"label_id_Radio_25_3\"  >Genderqueer<\/span><\/label><label class='rmform-check' for='Radio_25_4'><input name=\"Radio_25\" class=\"rmform-control radio_25 \" aria-describedby=\"rm-note-25\" type=\"radio\" onchange=\"rmToggleOtherText(this)\" id=\"Radio_25_4\" value=\"Genderfluid\" aria-labelledby=\"label_id_Radio_25_4\" ><span class=\"rmform-label rmform-radio-check\" id=\"label_id_Radio_25_4\"  >Genderfluid<\/span><\/label><label class='rmform-check' for='Radio_25_5'><input name=\"Radio_25\" class=\"rmform-control radio_25 \" aria-describedby=\"rm-note-25\" type=\"radio\" onchange=\"rmToggleOtherText(this)\" id=\"Radio_25_5\" value=\"Agender\" aria-labelledby=\"label_id_Radio_25_5\" ><span class=\"rmform-label rmform-radio-check\" id=\"label_id_Radio_25_5\"  >Agender<\/span><\/label><label class='rmform-check' for='Radio_25_6'><input name=\"Radio_25\" class=\"rmform-control radio_25 \" aria-describedby=\"rm-note-25\" type=\"radio\" onchange=\"rmToggleOtherText(this)\" id=\"Radio_25_6\" value=\"Transgender\" aria-labelledby=\"label_id_Radio_25_6\" ><span class=\"rmform-label rmform-radio-check\" id=\"label_id_Radio_25_6\"  >Transgender<\/span><\/label><label class='rmform-check' for='Radio_25_7'><input name=\"Radio_25\" class=\"rmform-control radio_25 \" aria-describedby=\"rm-note-25\" type=\"radio\" onchange=\"rmToggleOtherText(this)\" id=\"Radio_25_7\" value=\"Keine Angabe\" aria-labelledby=\"label_id_Radio_25_7\" ><span class=\"rmform-label rmform-radio-check\" id=\"label_id_Radio_25_7\"  >Keine Angabe<\/span><\/label><label class='rmform-check' for='Radio_25_other'><input name=\"Radio_25\" class=\"rmform-control radio_25 \" value=\"\" aria-describedby=\"rm-note-25\" aria-labelledby=\"label_id_Radio_25\" type=\"radio\" id=\"Radio_25_other\" onchange=\"rmToggleOtherText(this)\" ><span class=\"rmform-label rmform-radio-check\" id=\"label_id_25_8\" for=\"Radio_25_7\"  >Andere (bitte erg\u00e4nzen)<\/span><\/label><\/div><input name=\"Radio_25\" class=\"rmform-control radio_25\" aria-describedby=\"rm-note-25\" aria-labelledby=\"label_id_Radio_25\" type=\"text\" id=\"Radio_25_other_input\" style=\"display:none;\" disabled  ><span class='rmform-error-message' id='rmform-radio_25-error'><\/span><div id='rm-note-25' class='rmform-note' style='display: none;'><\/div><\/div><\/div><\/div><\/div><div class='rmform-row'><div class='rmform-row-heading'>Adressfelder<\/div><div class='rmform-row-subheading'>M\u00f6chtest Du an Gruppenaktivit\u00e4ten, wie z.B: Weihnachtswichteln, teilnehmen, ben\u00f6tigen wir Deine Adresse. WIr wierden diese nirgendwo ver\u00f6ffentlichen und geben sie nur an Deinen Wichtelpartner weiter.<\/div><div class='rmform-row-field-wrap row'  style='--rm-field-gutter: 10px;'><div id='rm-address-24' class='rm-address-field-wrap rmform-col rmform-col-12'><div class='rmform-field' data-field-id='24'><label class=\"rmform-label\" >  Adresse<\/label><div class='rmform-row'><div class='rmform-row-field-wrap'><div class='rmform-col rmform-col-12'><div class='rmform-field'><input type=\"text\" class=\"rmform-control\" aria-describedby=\"rm-note-24\" id=\"input_id_address1_24\" name=\"+ress_24[address1]\" aria-labelledby=\"label_id_address1_24\" value=\"\"  ><label for='input_id_address1_24' id='label_id_address1_24' class='rmform-label rmform-label-address'> +ress Line 1<\/label><span class='rmform-error-message' id='rmform-address_24address1-error'><\/span><\/div><\/div><\/div><\/div><div class='rmform-row'><div class='rmform-row-field-wrap'><div class='rmform-col rmform-col-12'><div class='rmform-field'><input type=\"text\" class=\"rmform-control\" aria-describedby=\"rm-note-24\" id=\"input_id_address2_label_24\" name=\"+ress_24[address2]\" aria-labelledby=\"label_id_address2_label_24\" value=\"\" ><label for='input_id_address2_label_24' id='label_id_address2_label_24' class='rmform-label rmform-label-address'> +ress Line 2<\/label><span class='rmform-error-message' id='rmform-address_24address2-error'><\/span><\/div><\/div><\/div><\/div><div class='rmform-row'><div class='rmform-row-field-wrap'><div class='rmform-col rmform-col-6'><div class='rmform-field'><input type=\"text\" class=\"rmform-control\" aria-describedby=\"rm-note-24\" id=\"input_id_city_label_24\" name=\"+ress_24[city]\" aria-labelledby=\"label_id_city_label_24\" value=\"\"  ><label for='input_id_city_label_24' id='label_id_city_label_24' class='rmform-label rmform-label-address'> Stadt<\/label><span class='rmform-error-message' id='rmform-address_24city-error'><\/span><\/div><\/div><div class='rmform-col rmform-col-6'><div class='rmform-field'><input type=\"text\" class=\"rmform-control\" aria-describedby=\"rm-note-24\" id=\"input_id_state_label_24\" name=\"+ress_24[state]\" aria-labelledby=\"label_id_state_label_24\" value=\"\"  ><label for='input_id_state_label_24' id='label_id_state_label_24' class='rmform-label rmform-label-address'>Bundesland or Region<\/label><span class='rmform-error-message' id='rmform-address_24state-error'><\/span><\/div><\/div><\/div><\/div><div class='rmform-row'><div class='rmform-row-field-wrap'><div class='rmform-col rmform-col-12'><div class='rmform-field'><input type=\"text\" class=\"rmform-control\" aria-describedby=\"rm-note-24\" id=\"input_id_zip_label_24\" name=\"+ress_24[zip]\" aria-labelledby=\"label_id_zip_label_24\" value=\"\"  ><label for='input_id_zip_label_24' id='label_id_zip_label_24' class='rmform-label rmform-label-address'> Zip<\/label><span class='rmform-error-message' id='rmform-address_24zip-error'><\/span><\/div><\/div><\/div><\/div><div id='rm-note-24' class='rmform-note' style='display: none;'><\/div><\/div><\/div><\/div><\/div><div class='rmform-row'><div class='rmform-row-field-wrap'  style='--rm-field-gutter: 10px;'><div id='rm-textarea-41' class='rmform-col rmform-col-12'><div class='rmform-field' data-field-id='41'><label for=\"input_id_Textarea_41\" id=\"label_id_Textarea_41\" class=\"rmform-label\" > Kommentar<\/label><textarea name=\"Textarea_41\" class=\"rmform-control \" aria-describedby=\"rm-note-41\" minlength=\"\" maxlength=\"\" cols=\"\" rows=\"\" id=\"input_id_Textarea_41\" placeholder=\"\"  ><\/textarea><span class='rmform-error-message' id='rmform-textarea_41-error'><\/span><\/div><\/div><\/div><\/div><div class='rmform-row'><div class='rmform-row-field-wrap'  style='--rm-field-gutter: 10px;'><div id='rm-terms-16' class='rm-address-field-wrap rmform-col rmform-col-12'><div class='rmform-field' data-field-id='16'><label for=\"input_id_Terms_16\" id=\"label_id_Terms_16\" class=\"rmform-label\" >  Allgemeine Gesch\u00e4ftsbedingungen <span class='rmform-req-symbol'>*<\/span><\/label><div class='rmform-terms-textarea'><textarea onscroll='scroll_down_end(this);' readonly class='rmform-terms-text-area' >Unsere Allgemeinen Gesch\u00e4ftsbedingungen findest du unter https:\/\/autwell.org\/agb<\/textarea><\/div><div class='rmform-terms-checkbox'><input type=\"checkbox\" name=\"Terms_16\" class=\"rmform-control terms_16 \" aria-describedby=\"rm-note-16\" value=\"on\" rows=\"\" id=\"input_id_Terms_16\" aria-labelledby=\"label_id_Terms_16\" required aria-required=\"true\"  ><label for='input_id_Terms_16' id='label_id_Terms_16' class='rmform-label'> Setzen Sie dieses H\u00e4kchen, um unseren Allgemeinen Gesch\u00e4ftsbedingungen und Datenschutzbestimmungen zuzustimmen. <\/label><\/div><span class='rmform-error-message' id='rmform-terms_16-error'><\/span><div id='rm-note-16' class='rmform-note' style='display: none;'><\/div><\/div><\/div><\/div><\/div><\/div><div id='rm-last-fields'><input type='hidden' name='rm_user_role' value='subscriber'><input type='hidden' name='form_id' value='1'><input type='hidden' name='form_no' value='1'><input type='hidden' name='rm_cond_hidden_fields' id='rm_cond_hidden_fields' value=''><input type='hidden' name='stat_id' value='134430'><\/div><div id='rm_form_submit_button' class='rm-form-btn-align-center'><input type='submit' id='rm-form-submit-btn' value='Registrieren'><\/div><\/form><\/div><\/div>\n","protected":false},"excerpt":{"rendered":"<p>Sch\u00f6n, dass du dich bei Autwell.org registrieren m\u00f6chtest. Bitte f\u00fclle zumindest die Pflichtfelder des folgenden Formulars aus. Wir werden keine Daten von dir an Dritte weitergeben. Benutzername* W\u00e4hle einen eindeutigen Benutzernamen f\u00fcr Dein Konto. Dieser wird zum Anmelden verwendet. Vorname*Bitte gib Deinen Vornamen ein. Nachname*Bitte gib Deinen Nachnamen ein. Email*Bitte gib eine g\u00fcltige E-Mail-Adresse ein. [&hellip;]<\/p>\n","protected":false},"author":1,"featured_media":0,"parent":0,"menu_order":0,"comment_status":"closed","ping_status":"closed","template":"","meta":{"_bbp_topic_count":0,"_bbp_reply_count":0,"_bbp_total_topic_count":0,"_bbp_total_reply_count":0,"_bbp_voice_count":0,"_bbp_anonymous_reply_count":0,"_bbp_topic_count_hidden":0,"_bbp_reply_count_hidden":0,"_bbp_forum_subforum_count":0,"footnotes":""},"class_list":["post-7913","page","type-page","status-publish","hentry"],"jetpack_sharing_enabled":true,"featured_media_urls":[],"_links":{"self":[{"href":"https:\/\/autwell.org\/en\/wp-json\/wp\/v2\/pages\/7913","targetHints":{"allow":["GET"]}}],"collection":[{"href":"https:\/\/autwell.org\/en\/wp-json\/wp\/v2\/pages"}],"about":[{"href":"https:\/\/autwell.org\/en\/wp-json\/wp\/v2\/types\/page"}],"author":[{"embeddable":true,"href":"https:\/\/autwell.org\/en\/wp-json\/wp\/v2\/users\/1"}],"replies":[{"embeddable":true,"href":"https:\/\/autwell.org\/en\/wp-json\/wp\/v2\/comments?post=7913"}],"version-history":[{"count":1,"href":"https:\/\/autwell.org\/en\/wp-json\/wp\/v2\/pages\/7913\/revisions"}],"predecessor-version":[{"id":8270,"href":"https:\/\/autwell.org\/en\/wp-json\/wp\/v2\/pages\/7913\/revisions\/8270"}],"wp:attachment":[{"href":"https:\/\/autwell.org\/en\/wp-json\/wp\/v2\/media?parent=7913"}],"curies":[{"name":"wp","href":"https:\/\/api.w.org\/{rel}","templated":true}]}}