{"id":4888,"date":"2020-02-11T06:01:32","date_gmt":"2020-02-11T06:01:32","guid":{"rendered":"https:\/\/rh.inspirylabs.com\/single-agent\/?page_id=4888"},"modified":"2025-12-02T10:43:15","modified_gmt":"2025-12-02T10:43:15","slug":"agent-demo","status":"publish","type":"page","link":"https:\/\/autwell.org\/en\/","title":{"rendered":"Home"},"content":{"rendered":"\n<div class=\"wp-block-columns is-layout-flex wp-container-core-columns-is-layout-28f84493 wp-block-columns-is-layout-flex\">\n<div class=\"wp-block-column is-layout-flow wp-block-column-is-layout-flow\" style=\"flex-basis:50%\">\n<figure class=\"wp-block-image size-large has-custom-border is-style-rounded\"><img fetchpriority=\"high\" decoding=\"async\" width=\"1024\" height=\"768\" src=\"https:\/\/autwell.org\/wp-content\/uploads\/2025\/03\/Unendlichkeitsschleife_3-1024x768.jpg\" alt=\"\" class=\"wp-image-7993\" style=\"border-radius:40px\" srcset=\"https:\/\/autwell.org\/wp-content\/uploads\/2025\/03\/Unendlichkeitsschleife_3-1024x768.jpg 1024w, https:\/\/autwell.org\/wp-content\/uploads\/2025\/03\/Unendlichkeitsschleife_3-300x225.jpg 300w, https:\/\/autwell.org\/wp-content\/uploads\/2025\/03\/Unendlichkeitsschleife_3-768x576.jpg 768w, https:\/\/autwell.org\/wp-content\/uploads\/2025\/03\/Unendlichkeitsschleife_3-1536x1152.jpg 1536w, https:\/\/autwell.org\/wp-content\/uploads\/2025\/03\/Unendlichkeitsschleife_3-2048x1536.jpg 2048w, https:\/\/autwell.org\/wp-content\/uploads\/2025\/03\/Unendlichkeitsschleife_3-500x375.jpg 500w, https:\/\/autwell.org\/wp-content\/uploads\/2025\/03\/Unendlichkeitsschleife_3-600x450.jpg 600w, https:\/\/autwell.org\/wp-content\/uploads\/2025\/03\/Unendlichkeitsschleife_3-1200x900.jpg 1200w\" sizes=\"(max-width: 1024px) 100vw, 1024px\" \/><\/figure>\n<\/div>\n\n\n\n<div class=\"wp-block-column has-custom-color-1-color has-custom-color-2-background-color has-text-color has-background has-link-color wp-elements-7a0493c1fc38bf88aceb16617d5195c6 is-layout-flow wp-block-column-is-layout-flow\" style=\"padding-top:30px;padding-right:30px;padding-bottom:30px;padding-left:30px;flex-basis:66.68%\">\n<p style=\"padding-top:0px;padding-right:0px;padding-bottom:0px;padding-left:0px\">Herzlich Willkommen bei AutWell<\/p>\n\n\n\n<p>Dein Ort f\u00fcr Unterst\u00fctzung, Vernetzung und Wissen rund um Neurodivergenz.<\/p>\n\n\n\n<p>AutWell bringt Menschen zusammen, die sich mit dem Autismus-Spektrum, ADHS und anderen neurodivergenten Themen besch\u00e4ftigen \u2013 egal ob pers\u00f6nlich im Spektrum, Angeh\u00f6rige, Fachkr\u00e4fte oder Interessierte. Bei uns findest du Austausch, Orientierung und praktische Angebote aus einer Hand.<\/p>\n\n\n\n<p>Zus\u00e4tzlich kannst du dich gerne f\u00fcr unseren Newsletter anmelden.<\/p>\n\n\n\n<details class=\"wp-block-details is-layout-flow wp-block-details-is-layout-flow\"><summary>Newsletter Anmeldung<\/summary>\n<div class=\"tnp tnp-subscription \">\n<form method=\"post\" action=\"https:\/\/autwell.org\/wp-admin\/admin-ajax.php?action=tnp&amp;na=s\">\n<input type=\"hidden\" name=\"nlang\" value=\"\">\n<div class=\"tnp-field tnp-field-firstname\"><label for=\"tnp-1\">First name<\/label>\n<input class=\"tnp-name\" type=\"text\" name=\"nn\" id=\"tnp-1\" value=\"\" placeholder=\"\"><\/div>\n<div class=\"tnp-field tnp-field-surname\"><label for=\"tnp-2\">Last name<\/label>\n<input class=\"tnp-surname\" type=\"text\" name=\"ns\" id=\"tnp-2\" value=\"\" placeholder=\"\"><\/div><div class=\"tnp-field tnp-field-email\"><label for=\"tnp-3\">Email<\/label>\n<input class=\"tnp-email\" type=\"email\" name=\"ne\" id=\"tnp-3\" value=\"\" placeholder=\"\" required><\/div>\n<div class=\"tnp-field tnp-field-gender\"><label for=\"tnp-4\">I&#039;m<\/label>\n<select name=\"nx\" class=\"tnp-gender\" id=\"tnp-gender\"><option value=\"n\">Frau<\/option><option value=\"f\">Mann<\/option><option value=\"m\">Divers<\/option><\/select><\/div>\n<div class=\"tnp-field tnp-privacy-field\"><label><input type=\"checkbox\" name=\"ny\" required class=\"tnp-privacy\"> I accept the privacy policy<\/label><\/div><div class=\"tnp-field tnp-field-button\" style=\"text-align: left\"><input class=\"tnp-submit\" type=\"submit\" value=\"Subscribe\" style=\"\">\n<\/div>\n<\/form>\n<\/div>\n\n\n\n\n<p><\/p>\n\n\n\n<p><\/p>\n<\/details>\n\n\n\n<p><\/p>\n<\/div>\n<\/div>\n\n\n\n<div style=\"height:100px\" aria-hidden=\"true\" class=\"wp-block-spacer\"><\/div>\n\n\n\n<p>UNSERE MISSION<\/p>\n\n\n\n<h1 class=\"wp-block-heading\">Mehr Akzeptanz und Inklusion<\/h1>\n\n\n\n<h1 class=\"wp-block-heading\">f\u00fcr neurodivergente Menschen<\/h1>\n\n\n\n<div style=\"height:var(--wp--preset--spacing--small)\" aria-hidden=\"true\" class=\"wp-block-spacer\"><\/div>\n\n\n\n<div class=\"wp-block-columns is-layout-flex wp-container-core-columns-is-layout-28f84493 wp-block-columns-is-layout-flex\">\n<div class=\"wp-block-column is-style-shadow has-custom-color-1-color has-custom-color-2-background-color has-text-color has-background has-link-color wp-elements-6ae5e02cf171ea5a920c55772eb12127 is-layout-flow wp-block-column-is-layout-flow\" style=\"border-style:none;border-width:0px;padding-top:30px;padding-right:30px;padding-bottom:30px;padding-left:30px\">\n<figure class=\"wp-block-image size-large is-style-rounded\"><img decoding=\"async\" width=\"1024\" height=\"1024\" src=\"https:\/\/autwell.org\/wp-content\/uploads\/2025\/09\/1758472125782_Firefly_Erstelle-eine-fotorealistisches-Bild-zu-einem-Online-Club-mit-ID-card.-Gedeckte-Farbe-950647-e1758914369984-1024x1024.jpg\" alt=\"\" class=\"wp-image-8120\" srcset=\"https:\/\/autwell.org\/wp-content\/uploads\/2025\/09\/1758472125782_Firefly_Erstelle-eine-fotorealistisches-Bild-zu-einem-Online-Club-mit-ID-card.-Gedeckte-Farbe-950647-e1758914369984-1024x1024.jpg 1024w, https:\/\/autwell.org\/wp-content\/uploads\/2025\/09\/1758472125782_Firefly_Erstelle-eine-fotorealistisches-Bild-zu-einem-Online-Club-mit-ID-card.-Gedeckte-Farbe-950647-e1758914369984-300x300.jpg 300w, https:\/\/autwell.org\/wp-content\/uploads\/2025\/09\/1758472125782_Firefly_Erstelle-eine-fotorealistisches-Bild-zu-einem-Online-Club-mit-ID-card.-Gedeckte-Farbe-950647-e1758914369984-150x150.jpg 150w, https:\/\/autwell.org\/wp-content\/uploads\/2025\/09\/1758472125782_Firefly_Erstelle-eine-fotorealistisches-Bild-zu-einem-Online-Club-mit-ID-card.-Gedeckte-Farbe-950647-e1758914369984-768x768.jpg 768w, https:\/\/autwell.org\/wp-content\/uploads\/2025\/09\/1758472125782_Firefly_Erstelle-eine-fotorealistisches-Bild-zu-einem-Online-Club-mit-ID-card.-Gedeckte-Farbe-950647-e1758914369984-1536x1536.jpg 1536w, https:\/\/autwell.org\/wp-content\/uploads\/2025\/09\/1758472125782_Firefly_Erstelle-eine-fotorealistisches-Bild-zu-einem-Online-Club-mit-ID-card.-Gedeckte-Farbe-950647-e1758914369984-600x600.jpg 600w, https:\/\/autwell.org\/wp-content\/uploads\/2025\/09\/1758472125782_Firefly_Erstelle-eine-fotorealistisches-Bild-zu-einem-Online-Club-mit-ID-card.-Gedeckte-Farbe-950647-e1758914369984-1200x1200.jpg 1200w, https:\/\/autwell.org\/wp-content\/uploads\/2025\/09\/1758472125782_Firefly_Erstelle-eine-fotorealistisches-Bild-zu-einem-Online-Club-mit-ID-card.-Gedeckte-Farbe-950647-e1758914369984-800x800.jpg 800w, https:\/\/autwell.org\/wp-content\/uploads\/2025\/09\/1758472125782_Firefly_Erstelle-eine-fotorealistisches-Bild-zu-einem-Online-Club-mit-ID-card.-Gedeckte-Farbe-950647-e1758914369984.jpg 1792w\" sizes=\"(max-width: 1024px) 100vw, 1024px\" \/><\/figure>\n\n\n\n<h2 class=\"wp-block-heading has-custom-color-1-color has-custom-color-2-background-color has-text-color has-background has-link-color wp-elements-6346c685fbcb1878cd0d30face3ff29a\" style=\"padding-top:5px;padding-right:5px;padding-bottom:5px;padding-left:5px\">\u00dcber uns<\/h2>\n\n\n\n<p>2017 wurden unter der Bezeichnung \u201efreie Autisten\u201c die ersten Selbsthilfegruppen im Bereich Autismus gegr\u00fcndet. Besonders die Gruppen f\u00fcr autistische Kids und Jugendliche wurden direkt angenommen und sind bis Heute einmalig und sehr wichtig.<\/p>\n\n\n\n<p>Aber auch alle anderen Gruppen, f\u00fcr erwachsene Autisten, Eltern und Notfallhilfe sind nicht mehr wegzudenken.<\/p>\n\n\n\n<p><a href=\"#\">Mehr erfahren \u2192<\/a><\/p>\n<\/div>\n\n\n\n<div class=\"wp-block-column is-style-shadow has-custom-color-1-color has-custom-color-2-background-color has-text-color has-background has-link-color wp-elements-cdfd9a6941d3948634f1416dfac061f2 is-layout-flow wp-block-column-is-layout-flow\" style=\"border-style:none;border-width:0px;padding-top:30px;padding-right:30px;padding-bottom:30px;padding-left:30px\">\n<figure class=\"wp-block-image size-large is-style-rounded\"><img decoding=\"async\" width=\"1024\" height=\"1024\" src=\"https:\/\/autwell.org\/wp-content\/uploads\/2025\/09\/1758471460556_Firefly_Erstelle-ein-fotorealistisches-Bild-zu-einem-Neurologie-zeitungsartikel.-Auf-dem-Bild-295428-e1758471846196-1024x1024.jpg\" alt=\"\" class=\"wp-image-8116\" srcset=\"https:\/\/autwell.org\/wp-content\/uploads\/2025\/09\/1758471460556_Firefly_Erstelle-ein-fotorealistisches-Bild-zu-einem-Neurologie-zeitungsartikel.-Auf-dem-Bild-295428-e1758471846196-1024x1024.jpg 1024w, https:\/\/autwell.org\/wp-content\/uploads\/2025\/09\/1758471460556_Firefly_Erstelle-ein-fotorealistisches-Bild-zu-einem-Neurologie-zeitungsartikel.-Auf-dem-Bild-295428-e1758471846196-300x300.jpg 300w, https:\/\/autwell.org\/wp-content\/uploads\/2025\/09\/1758471460556_Firefly_Erstelle-ein-fotorealistisches-Bild-zu-einem-Neurologie-zeitungsartikel.-Auf-dem-Bild-295428-e1758471846196-150x150.jpg 150w, https:\/\/autwell.org\/wp-content\/uploads\/2025\/09\/1758471460556_Firefly_Erstelle-ein-fotorealistisches-Bild-zu-einem-Neurologie-zeitungsartikel.-Auf-dem-Bild-295428-e1758471846196-768x768.jpg 768w, https:\/\/autwell.org\/wp-content\/uploads\/2025\/09\/1758471460556_Firefly_Erstelle-ein-fotorealistisches-Bild-zu-einem-Neurologie-zeitungsartikel.-Auf-dem-Bild-295428-e1758471846196-1536x1536.jpg 1536w, https:\/\/autwell.org\/wp-content\/uploads\/2025\/09\/1758471460556_Firefly_Erstelle-ein-fotorealistisches-Bild-zu-einem-Neurologie-zeitungsartikel.-Auf-dem-Bild-295428-e1758471846196-600x600.jpg 600w, https:\/\/autwell.org\/wp-content\/uploads\/2025\/09\/1758471460556_Firefly_Erstelle-ein-fotorealistisches-Bild-zu-einem-Neurologie-zeitungsartikel.-Auf-dem-Bild-295428-e1758471846196-1200x1200.jpg 1200w, https:\/\/autwell.org\/wp-content\/uploads\/2025\/09\/1758471460556_Firefly_Erstelle-ein-fotorealistisches-Bild-zu-einem-Neurologie-zeitungsartikel.-Auf-dem-Bild-295428-e1758471846196-800x800.jpg 800w, https:\/\/autwell.org\/wp-content\/uploads\/2025\/09\/1758471460556_Firefly_Erstelle-ein-fotorealistisches-Bild-zu-einem-Neurologie-zeitungsartikel.-Auf-dem-Bild-295428-e1758471846196.jpg 1792w\" sizes=\"(max-width: 1024px) 100vw, 1024px\" \/><\/figure>\n\n\n\n<h2 class=\"wp-block-heading has-custom-color-1-color has-custom-color-2-background-color has-text-color has-background has-link-color wp-elements-75a6e4782746bd17f88ed1ebe42aaa88\" style=\"padding-top:5px;padding-right:5px;padding-bottom:5px;padding-left:5px\">Infos &amp; Magazin<\/h2>\n\n\n\n<p>Wissen, das st\u00e4rkt \u2013 kompakt, verst\u00e4ndlich und alltagsnah.<\/p>\n\n\n\n<p><strong>Bleibt auf dem Laufenden und abonniert unseren Newsletter<\/strong><\/p>\n\n\n\n<p><a href=\"#\">Nichts verpassen \u2192<\/a><\/p>\n<\/div>\n\n\n\n<div class=\"wp-block-column is-style-shadow has-custom-color-1-color has-custom-color-2-background-color has-text-color has-background has-link-color wp-elements-eece98a9b837c0c967c6d69ce2e0db98 is-layout-flow wp-block-column-is-layout-flow\" style=\"border-style:none;border-width:0px;padding-top:30px;padding-right:30px;padding-bottom:30px;padding-left:30px\">\n<figure class=\"wp-block-image size-large is-style-rounded\"><img loading=\"lazy\" decoding=\"async\" width=\"1024\" height=\"1024\" src=\"https:\/\/autwell.org\/wp-content\/uploads\/2025\/09\/Unbenannt-6-e1758470662821-1024x1024.png\" alt=\"\" class=\"wp-image-8114\" srcset=\"https:\/\/autwell.org\/wp-content\/uploads\/2025\/09\/Unbenannt-6-e1758470662821-1024x1024.png 1024w, https:\/\/autwell.org\/wp-content\/uploads\/2025\/09\/Unbenannt-6-e1758470662821-300x300.png 300w, https:\/\/autwell.org\/wp-content\/uploads\/2025\/09\/Unbenannt-6-e1758470662821-150x150.png 150w, https:\/\/autwell.org\/wp-content\/uploads\/2025\/09\/Unbenannt-6-e1758470662821-768x768.png 768w, https:\/\/autwell.org\/wp-content\/uploads\/2025\/09\/Unbenannt-6-e1758470662821-1536x1536.png 1536w, https:\/\/autwell.org\/wp-content\/uploads\/2025\/09\/Unbenannt-6-e1758470662821-600x600.png 600w, https:\/\/autwell.org\/wp-content\/uploads\/2025\/09\/Unbenannt-6-e1758470662821-1200x1200.png 1200w, https:\/\/autwell.org\/wp-content\/uploads\/2025\/09\/Unbenannt-6-e1758470662821-800x800.png 800w, https:\/\/autwell.org\/wp-content\/uploads\/2025\/09\/Unbenannt-6-e1758470662821.png 1792w\" sizes=\"(max-width: 1024px) 100vw, 1024px\" \/><\/figure>\n\n\n\n<h2 class=\"wp-block-heading has-custom-color-1-color has-custom-color-2-background-color has-text-color has-background has-link-color wp-elements-93f13910f4d2befb61ef6150cad90dbf\" style=\"padding-top:5px;padding-right:5px;padding-bottom:5px;padding-left:5px\">Selbsthilfegruppen<\/h2>\n\n\n\n<p>Seit 2017 wachsen unsere Selbsthilfegruppen stetig und haben inzwischen insgesamt ca. 2000 Mitglieder aus der ganzen Welt.<\/p>\n\n\n\n<p>Seit 2024 gibt es auch Video Treffen, diese werden aktuell noch ausgebaut und sind derzeit leider nur Gruppenmitgliedern vorbehalten. In Zukunft wird es auch gruppenunabh\u00e4ngige Treffen zu bestimmten Themen und Anl\u00e4ssen geben die sowohl online als auch in Pr\u00e4senz stattfinden werden.<\/p>\n\n\n\n<p><a href=\"#\">Entdecke dein Potenzial \u2192<\/a><\/p>\n<\/div>\n<\/div>\n\n\n\n\n\n<div style=\"height:var(--wp--preset--spacing--x-large)\" aria-hidden=\"true\" class=\"wp-block-spacer\"><\/div>\n\n\n\n<div class=\"wp-block-columns is-layout-flex wp-container-core-columns-is-layout-e7907d97 wp-block-columns-is-layout-flex\" style=\"margin-top:var(--wp--preset--spacing--small);margin-bottom:var(--wp--preset--spacing--small)\">\n<div class=\"wp-block-column is-layout-flow wp-block-column-is-layout-flow\" style=\"flex-basis:100%\">\n\t\t\t<!-- START Donate Button Slider REVOLUTION SLIDER 6.4.3 --><p class=\"rs-p-wp-fix\"><\/p>\n\t\t\t<rs-module-wrap id=\"rev_slider_3_1_wrapper\" data-source=\"gallery\" style=\"background:transparent;padding:0;margin:0px auto;margin-top:0;margin-bottom:0;\">\n\t\t\t\t<rs-module id=\"rev_slider_3_1\" style=\"\" data-version=\"6.4.3\">\n\t\t\t\t\t<rs-slides>\n\t\t\t\t\t\t<rs-slide data-key=\"rs-6\" data-title=\"Slide\" data-duration=\"9000ms\" data-anim=\"ms:9000;\" data-in=\"o:0;\" data-out=\"a:false;\" data-sloop=\"s:0;e:9000;\">\n\t\t\t\t\t\t\t<img loading=\"lazy\" decoding=\"async\" src=\"\/\/autwell.org\/wp-content\/uploads\/2025\/01\/Espresso-mit-Herzchen-1.png\" title=\"Espresso mit Herzchen 1\" width=\"1014\" height=\"1014\" data-bg=\"f:contain;\" class=\"rev-slidebg\" data-no-retina>\n<!--\n\t\t\t\t\t\t\t--><a\n\t\t\t\t\t\t\t\tid=\"slider-3-slide-6-layer-1\" \n\t\t\t\t\t\t\t\tclass=\"rs-layer\"\n\t\t\t\t\t\t\t\thref=\"https:\/\/www.paypal.com\/ncp\/payment\/U4F65EBPE6HS2\" target=\"_self\"\n\t\t\t\t\t\t\t\tdata-type=\"image\"\n\t\t\t\t\t\t\t\tdata-rsp_ch=\"on\"\n\t\t\t\t\t\t\t\tdata-xy=\"x:c;y:c;\"\n\t\t\t\t\t\t\t\tdata-text=\"w:normal;\"\n\t\t\t\t\t\t\t\tdata-dim=\"w:400px;h:400px;\"\n\t\t\t\t\t\t\t\tdata-frame_1=\"sp:100;\"\n\t\t\t\t\t\t\t\tdata-frame_999=\"o:0;st:8690;sp:100;sR:8390;\"\n\t\t\t\t\t\t\t\tdata-frame_hover=\"e:default;gra:30%;bri:100%;blu:5px;\"\n\t\t\t\t\t\t\t\tstyle=\"z-index:8;cursor:pointer;\"\n\t\t\t\t\t\t\t><img loading=\"lazy\" decoding=\"async\" src=\"\/\/autwell.org\/wp-content\/uploads\/2025\/01\/Espresso-mit-Herzchen-1.png\" width=\"1014\" height=\"1014\" data-no-retina> \n\t\t\t\t\t\t\t<\/a><!--\n\n\t\t\t\t\t\t\t--><rs-layer\n\t\t\t\t\t\t\t\tid=\"slider-3-slide-6-layer-2\" \n\t\t\t\t\t\t\t\tdata-type=\"text\"\n\t\t\t\t\t\t\t\tdata-color=\"#fff\"\n\t\t\t\t\t\t\t\tdata-tsh=\"c:rgba(0,0,0,0.75);h:7px;v:7px;b:10px;\"\n\t\t\t\t\t\t\t\tdata-rsp_ch=\"on\"\n\t\t\t\t\t\t\t\tdata-xy=\"x:104px;y:122px;\"\n\t\t\t\t\t\t\t\tdata-text=\"w:nowrap;s:61;l:69;ls:2;a:center;\"\n\t\t\t\t\t\t\t\tdata-dim=\"minh:0;\"\n\t\t\t\t\t\t\t\tdata-frame_1=\"st:630;sp:350;sR:630;\"\n\t\t\t\t\t\t\t\tdata-frame_999=\"o:0;st:4820;sp:1390;sR:3840;\"\n\t\t\t\t\t\t\t\tstyle=\"z-index:11;font-family:Indie Flower;\"\n\t\t\t\t\t\t\t>Spende \n\t\t\t\t\t\t\t<\/rs-layer><!--\n\n\t\t\t\t\t\t\t--><rs-layer\n\t\t\t\t\t\t\t\tid=\"slider-3-slide-6-layer-3\" \n\t\t\t\t\t\t\t\tdata-type=\"text\"\n\t\t\t\t\t\t\t\tdata-color=\"#fff\"\n\t\t\t\t\t\t\t\tdata-tsh=\"h:7px;v:7px;b:10px;\"\n\t\t\t\t\t\t\t\tdata-rsp_ch=\"on\"\n\t\t\t\t\t\t\t\tdata-xy=\"x:106px;y:232px;\"\n\t\t\t\t\t\t\t\tdata-text=\"w:normal;s:48;l:36;ls:1;\"\n\t\t\t\t\t\t\t\tdata-dim=\"minh:0px;\"\n\t\t\t\t\t\t\t\tdata-frame_1=\"st:2610;sp:450;sR:2610;\"\n\t\t\t\t\t\t\t\tdata-frame_999=\"o:0;st:4780;sp:990;sR:1720;\"\n\t\t\t\t\t\t\t\tstyle=\"z-index:10;font-family:Indie Flower;\"\n\t\t\t\t\t\t\t>Espresso \n\t\t\t\t\t\t\t<\/rs-layer><!--\n\n\t\t\t\t\t\t\t--><rs-layer\n\t\t\t\t\t\t\t\tid=\"slider-3-slide-6-layer-4\" \n\t\t\t\t\t\t\t\tdata-type=\"text\"\n\t\t\t\t\t\t\t\tdata-color=\"#c2d2b8\"\n\t\t\t\t\t\t\t\tdata-tsh=\"h:7px;v:7px;b:10px;\"\n\t\t\t\t\t\t\t\tdata-rsp_ch=\"on\"\n\t\t\t\t\t\t\t\tdata-xy=\"x:104px;y:155px;\"\n\t\t\t\t\t\t\t\tdata-text=\"w:normal;s:75;l:90;ls:-4;fw:800;\"\n\t\t\t\t\t\t\t\tdata-dim=\"minh:0px;\"\n\t\t\t\t\t\t\t\tdata-frame_1=\"st:1730;sp:450;sR:1730;\"\n\t\t\t\t\t\t\t\tdata-frame_999=\"o:0;st:4810;sp:600;sR:2630;\"\n\t\t\t\t\t\t\t\tstyle=\"z-index:9;font-family:Poppins;\"\n\t\t\t\t\t\t\t>einen \n\t\t\t\t\t\t\t<\/rs-layer><!--\n\n\t\t\t\t\t\t\t--><rs-layer\n\t\t\t\t\t\t\t\tid=\"slider-3-slide-6-layer-6\" \n\t\t\t\t\t\t\t\tdata-type=\"text\"\n\t\t\t\t\t\t\t\tdata-color=\"#fff\"\n\t\t\t\t\t\t\t\tdata-rsp_ch=\"on\"\n\t\t\t\t\t\t\t\tdata-xy=\"x:84px;y:122px;\"\n\t\t\t\t\t\t\t\tdata-text=\"w:normal;s:49;l:55;ls:2;\"\n\t\t\t\t\t\t\t\tdata-dim=\"minh:0;\"\n\t\t\t\t\t\t\t\tdata-frame_1=\"st:6290;sp:440;sR:6290;\"\n\t\t\t\t\t\t\t\tdata-frame_999=\"o:0;st:8200;sp:540;sR:1470;\"\n\t\t\t\t\t\t\t\tstyle=\"z-index:12;font-family:Indie Flower;\"\n\t\t\t\t\t\t\t>Jeder Euro \n\t\t\t\t\t\t\t<\/rs-layer><!--\n\n\t\t\t\t\t\t\t--><rs-layer\n\t\t\t\t\t\t\t\tid=\"slider-3-slide-6-layer-7\" \n\t\t\t\t\t\t\t\tdata-type=\"text\"\n\t\t\t\t\t\t\t\tdata-color=\"#c2d2b8\"\n\t\t\t\t\t\t\t\tdata-rsp_ch=\"on\"\n\t\t\t\t\t\t\t\tdata-xy=\"x:84px;y:169px;\"\n\t\t\t\t\t\t\t\tdata-text=\"w:normal;s:80;l:90;ls:18px;fw:800;\"\n\t\t\t\t\t\t\t\tdata-dim=\"minh:0px;\"\n\t\t\t\t\t\t\t\tdata-frame_1=\"st:7230;sp:450;sR:7230;\"\n\t\t\t\t\t\t\t\tdata-frame_999=\"o:0;st:8200;sp:760;sR:520;\"\n\t\t\t\t\t\t\t\tdata-frame_hover=\"c:#4cd964;bor:0px,0px,0px,0px;gra:0%;blu:0px;\"\n\t\t\t\t\t\t\t\tstyle=\"z-index:13;font-family:Poppins;\"\n\t\t\t\t\t\t\t>hilft \n\t\t\t\t\t\t\t<\/rs-layer><!--\n-->\t\t\t\t\t\t<\/rs-slide>\n\t\t\t\t\t<\/rs-slides>\n\t\t\t\t<\/rs-module>\n\t\t\t\t<script type=\"text\/javascript\">\n\t\t\t\t\tsetREVStartSize({c: 'rev_slider_3_1',rl:[1240,1024,778,480],el:[400],gw:[400],gh:[400],type:'standard',justify:'',layout:'fullwidth',mh:\"0\"});\n\t\t\t\t\tvar\trevapi3,\n\t\t\t\t\t\ttpj;\n\t\t\t\t\tfunction revinit_revslider31() {\n\t\t\t\t\tjQuery(function() {\n\t\t\t\t\t\ttpj = jQuery;\n\t\t\t\t\t\trevapi3 = tpj(\"#rev_slider_3_1\");\n\t\t\t\t\t\tif(revapi3==undefined || revapi3.revolution == undefined){\n\t\t\t\t\t\t\trevslider_showDoubleJqueryError(\"rev_slider_3_1\");\n\t\t\t\t\t\t}else{\n\t\t\t\t\t\t\trevapi3.revolution({\n\t\t\t\t\t\t\t\tsliderLayout:\"fullwidth\",\n\t\t\t\t\t\t\t\tvisibilityLevels:\"1240,1024,778,480\",\n\t\t\t\t\t\t\t\tgridwidth:400,\n\t\t\t\t\t\t\t\tgridheight:400,\n\t\t\t\t\t\t\t\tperspective:600,\n\t\t\t\t\t\t\t\tperspectiveType:\"global\",\n\t\t\t\t\t\t\t\teditorheight:\"400,768,960,720\",\n\t\t\t\t\t\t\t\tresponsiveLevels:\"1240,1024,778,480\",\n\t\t\t\t\t\t\t\tprogressBar:{disableProgressBar:true},\n\t\t\t\t\t\t\t\tnavigation: {\n\t\t\t\t\t\t\t\t\tonHoverStop:false\n\t\t\t\t\t\t\t\t},\n\t\t\t\t\t\t\t\tfallbacks: {\n\t\t\t\t\t\t\t\t\tallowHTML5AutoPlayOnAndroid:true\n\t\t\t\t\t\t\t\t},\n\t\t\t\t\t\t\t});\n\t\t\t\t\t\t}\n\t\t\t\t\t\t\n\t\t\t\t\t});\n\t\t\t\t\t} \/\/ End of RevInitScript\n\t\t\t\tvar once_revslider31 = false;\n\t\t\t\tif (document.readyBundesland === \"loading\") {document.addEventListener('readystatechange',function() { if((document.readyBundesland === \"interactive\" || document.readyBundesland === \"complete\") && !once_revslider31 ) { once_revslider31 = true; revinit_revslider31();}});} else {once_revslider31 = true; revinit_revslider31();}\n\t\t\t\t<\/script>\n\t\t\t<\/rs-module-wrap>\n\t\t\t<!-- END REVOLUTION SLIDER -->\n\n<\/div>\n<\/div>\n","protected":false},"excerpt":{"rendered":"<p>Herzlich Willkommen bei AutWell Dein Ort f\u00fcr Unterst\u00fctzung, Vernetzung und Wissen rund um Neurodivergenz. AutWell bringt Menschen zusammen, die sich mit dem Autismus-Spektrum, ADHS und anderen neurodivergenten Themen besch\u00e4ftigen \u2013 egal ob pers\u00f6nlich im Spektrum, Angeh\u00f6rige, Fachkr\u00e4fte oder Interessierte. Bei uns findest du Austausch, Orientierung und praktische Angebote aus einer Hand. Zus\u00e4tzlich kannst du dich [&hellip;]<\/p>\n","protected":false},"author":1,"featured_media":0,"parent":0,"menu_order":0,"comment_status":"closed","ping_status":"closed","template":"","meta":{"_bbp_topic_count":0,"_bbp_reply_count":0,"_bbp_total_topic_count":0,"_bbp_total_reply_count":0,"_bbp_voice_count":0,"_bbp_anonymous_reply_count":0,"_bbp_topic_count_hidden":0,"_bbp_reply_count_hidden":0,"_bbp_forum_subforum_count":0,"footnotes":""},"class_list":["post-4888","page","type-page","status-publish","hentry"],"jetpack_sharing_enabled":true,"featured_media_urls":[],"_links":{"self":[{"href":"https:\/\/autwell.org\/en\/wp-json\/wp\/v2\/pages\/4888","targetHints":{"allow":["GET"]}}],"collection":[{"href":"https:\/\/autwell.org\/en\/wp-json\/wp\/v2\/pages"}],"about":[{"href":"https:\/\/autwell.org\/en\/wp-json\/wp\/v2\/types\/page"}],"author":[{"embeddable":true,"href":"https:\/\/autwell.org\/en\/wp-json\/wp\/v2\/users\/1"}],"replies":[{"embeddable":true,"href":"https:\/\/autwell.org\/en\/wp-json\/wp\/v2\/comments?post=4888"}],"version-history":[{"count":73,"href":"https:\/\/autwell.org\/en\/wp-json\/wp\/v2\/pages\/4888\/revisions"}],"predecessor-version":[{"id":8385,"href":"https:\/\/autwell.org\/en\/wp-json\/wp\/v2\/pages\/4888\/revisions\/8385"}],"wp:attachment":[{"href":"https:\/\/autwell.org\/en\/wp-json\/wp\/v2\/media?parent=4888"}],"curies":[{"name":"wp","href":"https:\/\/api.w.org\/{rel}","templated":true}]}}